{"id":1708,"date":"2020-05-30T15:10:14","date_gmt":"2020-05-30T13:10:14","guid":{"rendered":"https:\/\/anwesen-grab.de\/?page_id=1708"},"modified":"2024-03-23T11:27:55","modified_gmt":"2024-03-23T10:27:55","slug":"agb","status":"publish","type":"page","link":"https:\/\/anwesen-grab.de\/en\/agb\/","title":{"rendered":"General terms and conditions"},"content":{"rendered":"<div data-elementor-type=\"wp-page\" data-elementor-id=\"1708\" class=\"elementor elementor-1708\" data-elementor-post-type=\"page\">\n\t\t\t\t\t\t<section class=\"elementor-section elementor-top-section elementor-element elementor-element-66d62b1 elementor-section-boxed ang-section-padding-initial elementor-section-height-default elementor-section-height-default elementor-repeater-item-none elementor-repeater-item-none_hover\" data-id=\"66d62b1\" data-element_type=\"section\" data-e-type=\"section\">\n\t\t\t\t\t\t<div class=\"elementor-container elementor-column-gap-default\">\n\t\t\t\t\t<div class=\"elementor-column elementor-col-100 elementor-top-column elementor-element elementor-element-4dd1781 elementor-repeater-item-none elementor-repeater-item-none_hover\" data-id=\"4dd1781\" data-element_type=\"column\" data-e-type=\"column\">\n\t\t\t<div class=\"elementor-widget-wrap elementor-element-populated\">\n\t\t\t\t\t\t<div class=\"elementor-element elementor-element-c478fb7 elementor-repeater-item-none elementor-repeater-item-none_hover elementor-widget elementor-widget-heading\" data-id=\"c478fb7\" data-element_type=\"widget\" data-e-type=\"widget\" data-widget_type=\"heading.default\">\n\t\t\t\t<div class=\"elementor-widget-container\">\n\t\t\t\t\t<h5 class=\"elementor-heading-title elementor-size-default\">Anwesen Grab<\/h5>\t\t\t\t<\/div>\n\t\t\t\t<\/div>\n\t\t\t\t<div class=\"elementor-element elementor-element-52c1b7d elementor-widget-divider--view-line elementor-repeater-item-none elementor-repeater-item-none_hover elementor-widget elementor-widget-divider\" data-id=\"52c1b7d\" data-element_type=\"widget\" data-e-type=\"widget\" data-widget_type=\"divider.default\">\n\t\t\t\t<div class=\"elementor-widget-container\">\n\t\t\t\t\t\t\t<div class=\"elementor-divider\">\n\t\t\t<span class=\"elementor-divider-separator\">\n\t\t\t\t\t\t<\/span>\n\t\t<\/div>\n\t\t\t\t\t\t<\/div>\n\t\t\t\t<\/div>\n\t\t\t\t<div class=\"elementor-element elementor-element-cc3cec4 elementor-repeater-item-none elementor-repeater-item-none_hover elementor-widget elementor-widget-heading\" data-id=\"cc3cec4\" data-element_type=\"widget\" data-e-type=\"widget\" data-widget_type=\"heading.default\">\n\t\t\t\t<div class=\"elementor-widget-container\">\n\t\t\t\t\t<h1 class=\"elementor-heading-title elementor-size-default\">General terms and conditions<\/h1>\t\t\t\t<\/div>\n\t\t\t\t<\/div>\n\t\t\t\t\t<\/div>\n\t\t<\/div>\n\t\t\t\t\t<\/div>\n\t\t<\/section>\n\t\t\t\t<section class=\"elementor-section elementor-top-section elementor-element elementor-element-4e75c3b elementor-section-boxed ang-section-padding-initial elementor-section-height-default elementor-section-height-default elementor-repeater-item-none elementor-repeater-item-none_hover\" data-id=\"4e75c3b\" data-element_type=\"section\" data-e-type=\"section\">\n\t\t\t\t\t\t<div class=\"elementor-container elementor-column-gap-default\">\n\t\t\t\t\t<div class=\"elementor-column elementor-col-50 elementor-top-column elementor-element elementor-element-1c12378 elementor-repeater-item-none elementor-repeater-item-none_hover\" data-id=\"1c12378\" data-element_type=\"column\" data-e-type=\"column\">\n\t\t\t<div class=\"elementor-widget-wrap elementor-element-populated\">\n\t\t\t\t\t\t<div class=\"elementor-element elementor-element-a1b7ebf elementor-repeater-item-none elementor-repeater-item-none_hover elementor-widget elementor-widget-text-editor\" data-id=\"a1b7ebf\" data-element_type=\"widget\" data-e-type=\"widget\" data-widget_type=\"text-editor.default\">\n\t\t\t\t<div class=\"elementor-widget-container\">\n\t\t\t\t\t\t\t\t\t<ol><li>Der Gastaufnahmevertrag ist abgeschlossen, sobald das Zimmer bestellt (Buchung) und zugesagt (Best\u00e4tigung) worden ist. F\u00fcr die Best\u00e4tigung ist sowohl die m\u00fcndliche als auch die schriftliche Form bindend.<br \/><br \/><\/li><li>Der Abschluss des Gastaufnahmevertrags verpflichtet die Vertragspartner zur Erf\u00fcllung des Vertrages, gleichg\u00fcltig, auf welche Dauer der Vertrag abgeschlossen ist.<br \/><br \/><\/li><li>Der Vermieter ist verpflichtet, bei Nichtbereitstellung des Zimmers dem Gast Schadenersatz zu leisten.<br \/><br \/><\/li><li>Der Vermieter ist nach Treu und Glauben gehalten, nicht in Anspruch genommene Zimmer nach M\u00f6glichkeit anderweitig zu vergeben, um Ausf\u00e4lle zu vermeiden.<br \/><br \/><\/li><li>Bis zur anderweitigen Vermietung des Zimmers hat der Gast f\u00fcr die Dauer des Vertrages den nach Ziffer 4 errechneten Betrag zu bezahlen.<\/li><\/ol><p><br \/>&#8222;Plattform zur Online-Streitbeilegung der Europ\u00e4ischen Kommission&#8220;:http:\/\/ec.europa.eu\/consumers\/odr\/<\/p>\t\t\t\t\t\t\t\t<\/div>\n\t\t\t\t<\/div>\n\t\t\t\t\t<\/div>\n\t\t<\/div>\n\t\t\t\t<div class=\"elementor-column elementor-col-50 elementor-top-column elementor-element elementor-element-72710de elementor-repeater-item-none elementor-repeater-item-none_hover\" data-id=\"72710de\" data-element_type=\"column\" data-e-type=\"column\">\n\t\t\t<div class=\"elementor-widget-wrap\">\n\t\t\t\t\t\t\t<\/div>\n\t\t<\/div>\n\t\t\t\t\t<\/div>\n\t\t<\/section>\n\t\t\t\t<\/div>","protected":false},"excerpt":{"rendered":"<p>Anwesen Grab AGB Der Gastaufnahmevertrag ist abgeschlossen, sobald das Zimmer bestellt (Buchung) und zugesagt (Best\u00e4tigung) worden ist. F\u00fcr die Best\u00e4tigung ist sowohl die m\u00fcndliche als auch die schriftliche Form bindend. Der Abschluss des Gastaufnahmevertrags verpflichtet die Vertragspartner zur Erf\u00fcllung des Vertrages, gleichg\u00fcltig, auf welche Dauer der Vertrag abgeschlossen ist. Der Vermieter ist verpflichtet, bei Nichtbereitstellung [&hellip;]<\/p>\n","protected":false},"author":1,"featured_media":0,"parent":0,"menu_order":0,"comment_status":"closed","ping_status":"closed","template":"elementor_header_footer","meta":{"footnotes":""},"class_list":["post-1708","page","type-page","status-publish","hentry"],"_links":{"self":[{"href":"https:\/\/anwesen-grab.de\/en\/wp-json\/wp\/v2\/pages\/1708","targetHints":{"allow":["GET"]}}],"collection":[{"href":"https:\/\/anwesen-grab.de\/en\/wp-json\/wp\/v2\/pages"}],"about":[{"href":"https:\/\/anwesen-grab.de\/en\/wp-json\/wp\/v2\/types\/page"}],"author":[{"embeddable":true,"href":"https:\/\/anwesen-grab.de\/en\/wp-json\/wp\/v2\/users\/1"}],"replies":[{"embeddable":true,"href":"https:\/\/anwesen-grab.de\/en\/wp-json\/wp\/v2\/comments?post=1708"}],"version-history":[{"count":3,"href":"https:\/\/anwesen-grab.de\/en\/wp-json\/wp\/v2\/pages\/1708\/revisions"}],"predecessor-version":[{"id":2245,"href":"https:\/\/anwesen-grab.de\/en\/wp-json\/wp\/v2\/pages\/1708\/revisions\/2245"}],"wp:attachment":[{"href":"https:\/\/anwesen-grab.de\/en\/wp-json\/wp\/v2\/media?parent=1708"}],"curies":[{"name":"wp","href":"https:\/\/api.w.org\/{rel}","templated":true}]}}